{"id":1333,"date":"2016-02-14T14:38:26","date_gmt":"2016-02-14T13:38:26","guid":{"rendered":"http:\/\/obelix\/wp\/?page_id=197"},"modified":"2020-03-24T15:54:01","modified_gmt":"2020-03-24T14:54:01","slug":"contact","status":"publish","type":"page","link":"https:\/\/mit-sicherheit-griesinger.de\/home\/contact\/","title":{"rendered":"Kontakt"},"content":{"rendered":"<table>\n<tbody>\n<tr>\n<td valign=\"top\">\n<div class=\"wpcf7 no-js\" id=\"wpcf7-f1329-o1\" lang=\"de-DE\" dir=\"ltr\">\n<div class=\"screen-reader-response\"><p role=\"status\" aria-live=\"polite\" aria-atomic=\"true\"><\/p> <ul><\/ul><\/div>\n<form action=\"\/home\/wp-json\/wp\/v2\/pages\/1333#wpcf7-f1329-o1\" method=\"post\" class=\"wpcf7-form init\" aria-label=\"Kontaktformular\" novalidate=\"novalidate\" data-status=\"init\">\n<div style=\"display: none;\">\n<input type=\"hidden\" name=\"_wpcf7\" value=\"1329\" \/>\n<input type=\"hidden\" name=\"_wpcf7_version\" value=\"5.9.8\" \/>\n<input type=\"hidden\" name=\"_wpcf7_locale\" value=\"de_DE\" \/>\n<input type=\"hidden\" name=\"_wpcf7_unit_tag\" value=\"wpcf7-f1329-o1\" \/>\n<input type=\"hidden\" name=\"_wpcf7_container_post\" value=\"0\" \/>\n<input type=\"hidden\" name=\"_wpcf7_posted_data_hash\" value=\"\" \/>\n<input type=\"hidden\" name=\"_wpcf7_recaptcha_response\" value=\"\" \/>\n<\/div>\n<p>Ihr Name (Pflichtfeld)\n<\/p>\n<p><span class=\"wpcf7-form-control-wrap\" data-name=\"your-name\"><input size=\"40\" maxlength=\"400\" class=\"wpcf7-form-control wpcf7-text wpcf7-validates-as-required\" aria-required=\"true\" aria-invalid=\"false\" value=\"\" type=\"text\" name=\"your-name\" \/><\/span>\n<\/p>\n<p>Ihre E-Mail-Adresse (Pflichtfeld)\n<\/p>\n<p><span class=\"wpcf7-form-control-wrap\" data-name=\"your-email\"><input size=\"40\" maxlength=\"400\" class=\"wpcf7-form-control wpcf7-email wpcf7-validates-as-required wpcf7-text wpcf7-validates-as-email\" aria-required=\"true\" aria-invalid=\"false\" value=\"\" type=\"email\" name=\"your-email\" \/><\/span>\n<\/p>\n<p>Betreff\n<\/p>\n<p><span class=\"wpcf7-form-control-wrap\" data-name=\"your-subject\"><input size=\"40\" maxlength=\"400\" class=\"wpcf7-form-control wpcf7-text\" aria-invalid=\"false\" value=\"\" type=\"text\" name=\"your-subject\" \/><\/span>\n<\/p>\n<p>Ihre Nachricht\n<\/p>\n<p><span class=\"wpcf7-form-control-wrap\" data-name=\"your-message\"><textarea cols=\"40\" rows=\"10\" maxlength=\"2000\" class=\"wpcf7-form-control wpcf7-textarea\" aria-invalid=\"false\" name=\"your-message\"><\/textarea><\/span>\n<\/p>\n<p><span class=\"wpcf7-form-control-wrap\" data-name=\"your-newsletter\"><span class=\"wpcf7-form-control wpcf7-checkbox\"><span class=\"wpcf7-list-item first last\"><input type=\"checkbox\" name=\"your-newsletter[]\" value=\"Newsletter\" \/><span class=\"wpcf7-list-item-label\">Newsletter<\/span><\/span><\/span><\/span>\n<\/p>\n<p><span class=\"wpcf7-form-control-wrap wpgdprc\"><span class=\"wpcf7-form-control wpcf7-wpgdprc wpcf7-validates-as-required\"><span class=\"wpcf7-list-item\"><input type=\"checkbox\" name=\"wpgdprc\" value=\"1\" aria-required=\"true\" aria-invalid=\"false\" \/><span class=\"wpcf7-list-item-label\">Ich habe die Datenschutzerkl\u00e4rung zur Kenntnis genommen. Ich stimme zu, dass meine Angaben zur Kontaktaufnahme und f\u00fcr R\u00fcckfragen dauerhaft gespeichert werden<\/span><\/span><\/span>    <\/span>\n<\/p>\n<p><a href=\"https:\/\/mit-sicherheit-griesinger.de\/home\/datenschutzerklaerung-2\/\" target=\"blank\">zur Datenschutzerkl\u00e4rung<\/a>\n<\/p>\n\n<p><input class=\"wpcf7-form-control wpcf7-submit has-spinner\" type=\"submit\" value=\"Senden\" \/>\n<\/p><div class=\"wpcf7-response-output\" aria-hidden=\"true\"><\/div>\n<\/form>\n<\/div>\n<\/td>\n<td valign=\"top\">\n<p class=\"bodytext\"><a href=\"mailto:info@mit-sicherheit-griesinger.de\">info@mit-sicherheit-griesinger.de<\/a><br \/>\nTel.: 030\/25 81 63 23 Termine nur nach Vereinbarung<\/p>\n<p class=\"bodytext\">Anfahrt:<\/p>\n<p class=\"bodytext\">Hypnosepraxis <span style=\"color: #993300; font-family: Comic Sans MS,sans-serif;\">Livingmind<br \/>\n<span style=\"font-family: Georgia, Palatino; color: #333333;\">Hypnosetherapie Berlin, <\/span><br \/>\n<span style=\"font-family: Georgia, Palatino; color: #333333;\">Neuk\u00f6lln, Rudow, Britz, Buckow<\/span><\/span><br \/>\nNatascha Griesinger<\/p>\n<p>direkt an der Jungfernm\u00fchle<br \/>\nGoldammerstrasse 34<br \/>\n12351 Berlin<\/p>\n<p>U-Bahn:<br \/>\nU7 bis Johannisthaler Chaussee oder Liptschitzalle<\/p>\n<p>Buslinien:<br \/>\nM11, 172 bis L\u00f6wensteinring<br \/>\nX11 bis Buchfinkweg<br \/>\n171 bis Johannisthaler Chaussee\/Rudower Stra\u00dfe<\/p>\n<p><iframe loading=\"lazy\" style=\"border: 0;\" src=\"https:\/\/www.google.com\/maps\/embed?pb=!1m18!1m12!1m3!1d2432.582271430428!2d13.466191515841572!3d52.43236625047233!2m3!1f0!2f0!3f0!3m2!1i1024!2i768!4f13.1!3m3!1m2!1s0x47a845e8cd89d3d3{c27e9a070d8def2b53b2ed8be54a6f98ca4eac99a23a09f36f8bc1759baedb7a}3A0x29ee40668353aa21!2sGoldammerstra{c27e9a070d8def2b53b2ed8be54a6f98ca4eac99a23a09f36f8bc1759baedb7a}C3{c27e9a070d8def2b53b2ed8be54a6f98ca4eac99a23a09f36f8bc1759baedb7a}9Fe+34{c27e9a070d8def2b53b2ed8be54a6f98ca4eac99a23a09f36f8bc1759baedb7a}2C+12351+Berlin!5e0!3m2!1sde!2sde!4v1462610585258\" width=\"600\" height=\"450\" frameborder=\"0\" allowfullscreen=\"allowfullscreen\"><\/iframe><\/td>\n<\/tr>\n<\/tbody>\n<\/table>\n","protected":false},"excerpt":{"rendered":"<p>info@mit-sicherheit-griesinger.de Tel.: 030\/25 81 63 23 Termine nur nach Vereinbarung Anfahrt: Hypnosepraxis Livingmind Hypnosetherapie Berlin, Neuk\u00f6lln, Rudow, Britz, Buckow Natascha Griesinger direkt an der Jungfernm\u00fchle Goldammerstrasse 34 12351 Berlin U-Bahn: U7 bis Johannisthaler Chaussee oder Liptschitzalle Buslinien: M11, 172 bis L\u00f6wensteinring X11 bis Buchfinkweg 171 [&#8230;]<\/p>\n","protected":false},"author":1,"featured_media":0,"parent":0,"menu_order":0,"comment_status":"closed","ping_status":"closed","template":"","meta":{"om_disable_all_campaigns":false,"_monsterinsights_skip_tracking":false,"_monsterinsights_sitenote_active":false,"_monsterinsights_sitenote_note":"","_monsterinsights_sitenote_category":0,"_uf_show_specific_survey":0,"_uf_disable_surveys":false,"footnotes":""},"class_list":["post-1333","page","type-page","status-publish","hentry"],"aioseo_notices":[],"_links":{"self":[{"href":"https:\/\/mit-sicherheit-griesinger.de\/home\/wp-json\/wp\/v2\/pages\/1333"}],"collection":[{"href":"https:\/\/mit-sicherheit-griesinger.de\/home\/wp-json\/wp\/v2\/pages"}],"about":[{"href":"https:\/\/mit-sicherheit-griesinger.de\/home\/wp-json\/wp\/v2\/types\/page"}],"author":[{"embeddable":true,"href":"https:\/\/mit-sicherheit-griesinger.de\/home\/wp-json\/wp\/v2\/users\/1"}],"replies":[{"embeddable":true,"href":"https:\/\/mit-sicherheit-griesinger.de\/home\/wp-json\/wp\/v2\/comments?post=1333"}],"version-history":[{"count":2,"href":"https:\/\/mit-sicherheit-griesinger.de\/home\/wp-json\/wp\/v2\/pages\/1333\/revisions"}],"predecessor-version":[{"id":2251,"href":"https:\/\/mit-sicherheit-griesinger.de\/home\/wp-json\/wp\/v2\/pages\/1333\/revisions\/2251"}],"wp:attachment":[{"href":"https:\/\/mit-sicherheit-griesinger.de\/home\/wp-json\/wp\/v2\/media?parent=1333"}],"curies":[{"name":"wp","href":"https:\/\/api.w.org\/{rel}","templated":true}]}}